{"id":122,"date":"2021-06-18T09:34:24","date_gmt":"2021-06-18T09:34:24","guid":{"rendered":"http:\/\/camaradealava.eus\/amhub\/?page_id=122"},"modified":"2021-06-22T12:17:54","modified_gmt":"2021-06-22T12:17:54","slug":"aviso-legal","status":"publish","type":"page","link":"http:\/\/camaradealava.eus\/amhub\/aviso-legal\/","title":{"rendered":"Aviso Legal"},"content":{"rendered":"<p>[et_pb_section fb_built=\u00bb1&#8243; admin_label=\u00bbHeader\u00bb _builder_version=\u00bb4.9.7&#8243; use_background_color_gradient=\u00bbon\u00bb background_color_gradient_start=\u00bbrgba(132,0,0,0.91)\u00bb background_color_gradient_end=\u00bbrgba(132,0,0,0.7)\u00bb background_color_gradient_overlays_image=\u00bbon\u00bb background_image=\u00bbhttp:\/\/camaradealava.eus\/amhub\/wp-content\/uploads\/2021\/06\/financial-advisor-08.jpg\u00bb custom_padding=\u00bb100px||100px||true|false\u00bb hover_enabled=\u00bb0&#8243; locked=\u00bboff\u00bb background_color_gradient_direction=\u00bb152deg\u00bb sticky_enabled=\u00bb0&#8243;][et_pb_row _builder_version=\u00bb4.9.4&#8243; width=\u00bb100%\u00bb][et_pb_column type=\u00bb4_4&#8243; _builder_version=\u00bb4.4.3&#8243;][et_pb_text _builder_version=\u00bb4.9.4&#8243; _dynamic_attributes=\u00bbcontent\u00bb text_font=\u00bbTtulos||||||||\u00bb text_font_size=\u00bb80px\u00bb header_font=\u00bb|900|||||||\u00bb header_font_size=\u00bb100px\u00bb background_layout=\u00bbdark\u00bb max_width=\u00bb100%\u00bb custom_margin=\u00bb||||false|false\u00bb header_font_size_tablet=\u00bb70px\u00bb header_font_size_phone=\u00bb60px\u00bb header_font_size_last_edited=\u00bbon|phone\u00bb]@ET-DC@eyJkeW5hbWljIjp0cnVlLCJjb250ZW50IjoicG9zdF90aXRsZSIsInNldHRpbmdzIjp7ImJlZm9yZSI6IiIsImFmdGVyIjoiIn19@[\/et_pb_text][\/et_pb_column][\/et_pb_row][\/et_pb_section][et_pb_section fb_built=\u00bb1&#8243; admin_label=\u00bbContact Info\u00bb _builder_version=\u00bb4.4.3&#8243;][et_pb_row make_equal=\u00bbon\u00bb _builder_version=\u00bb4.9.4&#8243; width=\u00bb100%\u00bb][et_pb_column type=\u00bb4_4&#8243; _builder_version=\u00bb4.4.3&#8243;][et_pb_text _builder_version=\u00bb4.9.4&#8243; _module_preset=\u00bbdefault\u00bb text_font_size=\u00bb16px\u00bb header_3_font=\u00bbTtulos||||||||\u00bb header_3_font_size=\u00bb29px\u00bb header_3_letter_spacing=\u00bb1px\u00bb header_3_line_height=\u00bb1.4em\u00bb]<\/p>\n<p>En cumplimiento de la Ley 34\/2002, de 11 de julio, de Servicios de la Sociedad de la Informaci\u00f3n y de Comercio Electr\u00f3nico, le informamos que el titular de este sitio web es C\u00e1mara de Comercio, Industria y Servicios de \u00c1lava, de aqu\u00ed en adelante La C\u00e1mara.<\/p>\n<p>El acceso a esta p\u00e1gina web le atribuye la condici\u00f3n de \u201cUsuario\u201d, implicando la perfecta comprensi\u00f3n y la expresa aceptaci\u00f3n sin reservas de las condiciones generales que est\u00e9n publicadas en el presente \u00abAviso legal\u00bb. Por lo tanto, el Usuario deber\u00e1 leer las condiciones generales de uso, en cada una de las ocasiones en que se proponga acceder y en su caso utilizar los servicios prestados a trav\u00e9s de esta web, ya que \u00e9stas pueden sufrir modificaciones peri\u00f3dicamente y sin previo aviso.<\/p>\n<h3><strong><\/strong><\/h3>\n<h3><strong>Informaci\u00f3n general<\/strong><\/h3>\n<ul>\n<li>Denominaci\u00f3n social: C\u00e1mara de Comercio, Industria y Servicios de \u00c1lava<\/li>\n<li>Domicilio social: Calle Dato n\u00ba 38, Vitoria-Gasteiz (\u00c1lava), Espa\u00f1a<\/li>\n<li>CIF: Q0173001I<\/li>\n<li>Tel\u00e9fono de contacto:+34 945 141 800<\/li>\n<li>Correo Electr\u00f3nico: contacta@camaradealava.com<\/li>\n<li>P\u00e1gina web:<span>\u00a0<\/span><a href=\"http:\/\/www.camaradealava.com\/\">www.camaradealava.com<\/a><\/li>\n<\/ul>\n<h3><strong><\/strong><\/h3>\n<h3><strong><\/strong><\/h3>\n<h3><strong>Condiciones generales de uso de este sitio web<\/strong><\/h3>\n<h4><strong><\/strong><\/h4>\n<h4><strong>Objeto y \u00e1mbito de aplicaci\u00f3n<\/strong><\/h4>\n<p>Las presentes condiciones generales de uso, regulan el acceso, navegaci\u00f3n y uso de<span> www.camaradealava.eus\/amhub<\/span>\u00a0 as\u00ed como las responsabilidades derivadas de la utilizaci\u00f3n de sus contenidos tales como los textos, gr\u00e1ficos, dibujos, dise\u00f1os, c\u00f3digos, software, fotograf\u00edas, m\u00fasica, v\u00eddeos, sonidos, bases de datos, im\u00e1genes, expresiones e informaciones, as\u00ed como cualquier otra creaci\u00f3n protegida por las leyes nacionales y los tratados internacionales sobre propiedad intelectual e industrial.<\/p>\n<h4><strong>Condiciones acceso y utilizaci\u00f3n de los servicios<\/strong><\/h4>\n<p>En todo momento, el Usuario debe realizar un uso l\u00edcito de los servicios de la presente web, de acuerdo con las presentes condiciones generales, as\u00ed como las pr\u00e1cticas generalmente aceptadas en Internet.<\/p>\n<ul>\n<li>El Usuario garantiza que toda la informaci\u00f3n aportada a trav\u00e9s de los formularios incluidos en esta p\u00e1gina web es l\u00edcita, real, exacta, veraz y actualizada. Ser\u00e1 exclusiva responsabilidad del Usuario la comunicaci\u00f3n inmediata a La C\u00e1mara de cualquier modificaci\u00f3n que pueda darse en la informaci\u00f3n suministrada.<\/li>\n<li>El Usuario se abstendr\u00e1 de: introducir virus, programas, macros o cualquier secuencia de caracteres con la finalidad de da\u00f1ar o alterar los sistemas inform\u00e1ticos de esta web; obstaculizar el acceso de otros usuarios mediante el consumo masivo de recursos; captar datos incluidos en esta web con finalidad publicitaria; reproducir, copiar, distribuir, transformar o poner a disposici\u00f3n de terceros los contenidos incluidos en esta web; realizar acciones a trav\u00e9s de los servicios incluidos es esta web que puedan lesionar la propiedad intelectual, derechos al honor, a la imagen y la intimidad personal de terceros; realizar acciones de competencia desleal y publicidad il\u00edcita.<\/li>\n<\/ul>\n<p>&nbsp;<\/p>\n<h3><strong>Derechos de propiedad intelectual e industrial<\/strong><\/h3>\n<p>La C\u00e1mara es titular de todos los elementos que integran, <span>www.camaradealava.eus\/amhub<\/span>\u00a0 incluyendo la marca, nombre comercial o signo distintivo, el dise\u00f1o gr\u00e1fico, c\u00f3digo fuente, logos, textos, gr\u00e1ficos, ilustraciones, fotograf\u00edas, sonidos y dem\u00e1s elementos contenidos en la p\u00e1gina web; protegidos por la legislaci\u00f3n espa\u00f1ola sobre los derechos de propiedad intelectual e industrial a favor de La C\u00e1mara.<\/p>\n<p>En ning\u00fan caso el acceso o navegaci\u00f3n en <a href=\"http:\/\/www.camaradealava.eus\/amhub\">www.camaradealava.eus\/amhub<\/a> implica renuncia, transmisi\u00f3n o licencia total o parcial de La C\u00e1mara para uso personal al Usuario sobre sus derechos de propiedad intelectual e industrial.<\/p>\n<p>Por ello, el Usuario reconoce que la reproducci\u00f3n, copiado, distribuci\u00f3n, comercializaci\u00f3n, transformaci\u00f3n, reutilizaci\u00f3n, comunicaci\u00f3n p\u00fablica y en general, cualquier otra forma de explotaci\u00f3n, por cualquier procedimiento, de todo o parte de los contenidos de <span>www.camaradealava.eus\/amhub<\/span><a href=\"http:\/\/www.camaradealava.eus\/experto-logistica\/\"><\/a>\u00a0sin autorizaci\u00f3n expresa y por escrito de La C\u00e1mara queda expresamente prohibida y constituye una infracci\u00f3n de sus derechos de propiedad intelectual y\/o industrial.<\/p>\n<h3><strong><\/strong><\/h3>\n<h3><strong>R\u00e9gimen de responsabilidad y garant\u00edas<\/strong><\/h3>\n<p>La C\u00e1mara declara que ha adoptado las medidas tanto t\u00e9cnicas como organizativas, que, dentro de sus posibilidades y el estado de la tecnolog\u00eda, permitan el correcto funcionamiento de la p\u00e1gina web, as\u00ed como la ausencia de virus y componentes da\u00f1inos, sin embargo, no puede hacerse responsable de:<\/p>\n<ul>\n<li>La continuidad y disponibilidad de los contenidos y servicios recogidos en<span> www.camaradealava.eus\/amhub.<\/span><a href=\"http:\/\/www.camaradealava.eus\/experto-logistica\/\"><\/a><\/li>\n<li>La ausencia de errores en dichos contenidos ni la correcci\u00f3n de cualquier defecto que pudiera ocurrir.<\/li>\n<li>La ausencia de virus y\/o dem\u00e1s componentes da\u00f1inos en<span> www.camaradealava.eus\/amhub.<\/span><\/li>\n<li>La inexpugnabilidad de las medidas de seguridad que se han adoptado. los da\u00f1os o perjuicios que cause cualquier persona que vulnere los sistemas de seguridad de<span> www.camaradealava.eus\/amhub.<\/span><\/li>\n<\/ul>\n<p>El Usuario ser\u00e1 el \u00fanico responsable ante terceros, de cualquier comunicaci\u00f3n enviada personalmente o a su nombre a<span> www.camaradealava.eus\/amhub<\/span><a href=\"http:\/\/www.camaradealava.eus\/experto-logistica\/\"><\/a><span>\u00a0<\/span>as\u00ed como del uso ileg\u00edtimo de los contenidos y servicios contenidos en esta p\u00e1gina web.<\/p>\n<h3><strong><\/strong><\/h3>\n<h3><strong>Actualizaci\u00f3n y modificaci\u00f3n de la p\u00e1gina web<\/strong><\/h3>\n<p>La C\u00e1mara se reserva el derecho a suspender temporalmente y sin previo aviso, la accesibilidad a<span> www.camaradealava.eus\/amhub<\/span><span>\u00a0<\/span>con motivo de operaciones de mantenimiento, reparaci\u00f3n, actualizaci\u00f3n, modificaci\u00f3n o eliminaci\u00f3n de informaci\u00f3n contenida en ella como su configuraci\u00f3n y presentaci\u00f3n, sin asumir responsabilidad alguna por ello.<\/p>\n<p>Siempre que las circunstancias lo permitan La C\u00e1mara publicar\u00e1 en su p\u00e1gina web, con antelaci\u00f3n suficiente, un aviso indicando la fecha prevista para la suspensi\u00f3n de los servicios.<\/p>\n<h4><strong>Condiciones generales de uso<\/strong><\/h4>\n<ul>\n<li>La C\u00e1mara se reserva el derecho a modificar, total o parcialmente, las presentes condiciones generales de acceso. Asimismo podr\u00e1 efectuar sin previo aviso las modificaciones que considere oportunas en el sitio web, pudiendo cambiar, suprimir o a\u00f1adir tanto los contenidos y servicios que presta, como la forma en la que \u00e9stos aparezcan presentados o localizados, sin asumir responsabilidad alguna por ello. En consecuencia, se entender\u00e1n como vigentes, las condiciones generales que est\u00e9n publicadas en el momento en el que el Usuario acceda a la p\u00e1gina web por lo que el Usuario deber\u00e1 leer peri\u00f3dicamente dichas condiciones de uso.<\/li>\n<li>Con independencia de lo dispuesto en las condiciones particulares, La C\u00e1mara podr\u00e1 dar por terminado, suspender o interrumpir, en cualquier momento sin necesidad de previo aviso, el acceso a los contenidos de la p\u00e1gina web, sin posibilidad por parte del Usuario de exigir indemnizaci\u00f3n alguna.<\/li>\n<\/ul>\n<h3><strong><\/strong><\/h3>\n<h3><strong>Contenido de la web y enlaces<\/strong><\/h3>\n<p>La C\u00e1mara no se responsabiliza del uso que los Usuarios puedan hacer de los contenidos y servicios incluidos en su p\u00e1gina web. En consecuencia, no garantiza que el uso que los Usuarios puedan hacer de los contenidos y servicios referidos, se ajusten a las presentes condiciones generales de uso, ni que lo hagan de forma diligente.<\/p>\n<p>Los enlaces a otras p\u00e1ginas web que en su caso existan en <span>www.camaradealava.eus\/amhub<\/span><span>\u00a0<\/span>pueden llevarle p\u00e1ginas web de terceros de los que La C\u00e1mara no asume ninguna responsabilidad, ya que no tiene ning\u00fan tipo de control sobre los mismos, siendo su finalidad, informar al Usuario de otras fuentes de informaci\u00f3n, por lo que el Usuario accede bajo su exclusiva responsabilidad al contenido y en las condiciones de uso que rijan en los mismos.<\/p>\n<h3><strong><\/strong><\/h3>\n<h3><strong>Indicaciones sobre aspectos t\u00e9cnicos<\/strong><\/h3>\n<p>La C\u00e1mara no asume ninguna responsabilidad que se pueda derivar de problemas t\u00e9cnicos o fallos en los equipos inform\u00e1ticos que se produzcan durante la conexi\u00f3n a la red de Internet, as\u00ed como de da\u00f1os que pudieran ser causados por terceras personas mediante intromisiones ileg\u00edtimas fuera del control de La C\u00e1mara.<\/p>\n<p>Tambi\u00e9n quedamos exonerados de toda responsabilidad ante posibles da\u00f1os o perjuicios que pueda sufrir el usuario a consecuencia de errores, defectos u omisiones en la informaci\u00f3n que facilitemos cuando proceda de fuentes ajenas a nosotros<\/p>\n<h3><strong><\/strong><\/h3>\n<h3><strong>Legislaci\u00f3n aplicable y competencia jurisdiccional<\/strong><\/h3>\n<p>Las relaciones establecidas entre La C\u00e1mara y el Usuario se regir\u00e1n por lo dispuesto en la normativa vigente acerca de la legislaci\u00f3n aplicable y la jurisdicci\u00f3n competente. No obstante, para los casos en los que la normativa prevea la posibilidad a las partes de someterse a un fuero, La C\u00e1mara y el Usuario, con renuncia expresa a cualquier otro fuero que pudiera corresponderles, se someten a los Juzgados y Tribunales de la ciudad de Vitoria-Gasteiz.<\/p>\n<p>[\/et_pb_text][\/et_pb_column][\/et_pb_row][\/et_pb_section]<\/p>\n","protected":false},"excerpt":{"rendered":"<p>[et_pb_section fb_built=\u00bb1&#8243; admin_label=\u00bbHeader\u00bb _builder_version=\u00bb4.9.7&#8243; use_background_color_gradient=\u00bbon\u00bb background_color_gradient_start=\u00bbrgba(132,0,0,0.91)\u00bb background_color_gradient_end=\u00bbrgba(132,0,0,0.7)\u00bb background_color_gradient_overlays_image=\u00bbon\u00bb background_image=\u00bbhttp:\/\/camaradealava.eus\/amhub\/wp-content\/uploads\/2021\/06\/financial-advisor-08.jpg\u00bb custom_padding=\u00bb100px||100px||true|false\u00bb hover_enabled=\u00bb0&#8243; locked=\u00bboff\u00bb background_color_gradient_direction=\u00bb152deg\u00bb sticky_enabled=\u00bb0&#8243;][et_pb_row _builder_version=\u00bb4.9.4&#8243; width=\u00bb100%\u00bb][et_pb_column type=\u00bb4_4&#8243; _builder_version=\u00bb4.4.3&#8243;][et_pb_text _builder_version=\u00bb4.9.4&#8243; _dynamic_attributes=\u00bbcontent\u00bb text_font=\u00bbTtulos||||||||\u00bb text_font_size=\u00bb80px\u00bb header_font=\u00bb|900|||||||\u00bb header_font_size=\u00bb100px\u00bb background_layout=\u00bbdark\u00bb max_width=\u00bb100%\u00bb custom_margin=\u00bb||||false|false\u00bb header_font_size_tablet=\u00bb70px\u00bb header_font_size_phone=\u00bb60px\u00bb header_font_size_last_edited=\u00bbon|phone\u00bb]@ET-DC@eyJkeW5hbWljIjp0cnVlLCJjb250ZW50IjoicG9zdF90aXRsZSIsInNldHRpbmdzIjp7ImJlZm9yZSI6IiIsImFmdGVyIjoiIn19@[\/et_pb_text][\/et_pb_column][\/et_pb_row][\/et_pb_section][et_pb_section fb_built=\u00bb1&#8243; admin_label=\u00bbContact Info\u00bb _builder_version=\u00bb4.4.3&#8243;][et_pb_row make_equal=\u00bbon\u00bb _builder_version=\u00bb4.9.4&#8243; width=\u00bb100%\u00bb][et_pb_column type=\u00bb4_4&#8243; _builder_version=\u00bb4.4.3&#8243;][et_pb_text _builder_version=\u00bb4.9.4&#8243; _module_preset=\u00bbdefault\u00bb text_font_size=\u00bb16px\u00bb header_3_font=\u00bbTtulos||||||||\u00bb header_3_font_size=\u00bb29px\u00bb header_3_letter_spacing=\u00bb1px\u00bb header_3_line_height=\u00bb1.4em\u00bb] En cumplimiento de la Ley 34\/2002, de 11 de [&hellip;]<\/p>\n","protected":false},"author":2,"featured_media":0,"parent":0,"menu_order":0,"comment_status":"closed","ping_status":"closed","template":"","meta":{"_et_pb_use_builder":"on","_et_pb_old_content":"","_et_gb_content_width":"","footnotes":""},"class_list":["post-122","page","type-page","status-publish","hentry"],"_links":{"self":[{"href":"http:\/\/camaradealava.eus\/amhub\/wp-json\/wp\/v2\/pages\/122","targetHints":{"allow":["GET"]}}],"collection":[{"href":"http:\/\/camaradealava.eus\/amhub\/wp-json\/wp\/v2\/pages"}],"about":[{"href":"http:\/\/camaradealava.eus\/amhub\/wp-json\/wp\/v2\/types\/page"}],"author":[{"embeddable":true,"href":"http:\/\/camaradealava.eus\/amhub\/wp-json\/wp\/v2\/users\/2"}],"replies":[{"embeddable":true,"href":"http:\/\/camaradealava.eus\/amhub\/wp-json\/wp\/v2\/comments?post=122"}],"version-history":[{"count":4,"href":"http:\/\/camaradealava.eus\/amhub\/wp-json\/wp\/v2\/pages\/122\/revisions"}],"predecessor-version":[{"id":172,"href":"http:\/\/camaradealava.eus\/amhub\/wp-json\/wp\/v2\/pages\/122\/revisions\/172"}],"wp:attachment":[{"href":"http:\/\/camaradealava.eus\/amhub\/wp-json\/wp\/v2\/media?parent=122"}],"curies":[{"name":"wp","href":"https:\/\/api.w.org\/{rel}","templated":true}]}}