{"id":126,"date":"2021-06-18T09:38:27","date_gmt":"2021-06-18T09:38:27","guid":{"rendered":"http:\/\/camaradealava.eus\/amhub\/?page_id=126"},"modified":"2021-06-22T12:15:40","modified_gmt":"2021-06-22T12:15:40","slug":"politicas-de-cookie","status":"publish","type":"page","link":"http:\/\/camaradealava.eus\/amhub\/politicas-de-cookie\/","title":{"rendered":"Pol\u00edticas de cookie"},"content":{"rendered":"<p>[et_pb_section fb_built=\u00bb1&#8243; admin_label=\u00bbHeader\u00bb _builder_version=\u00bb4.9.7&#8243; use_background_color_gradient=\u00bbon\u00bb background_color_gradient_start=\u00bbrgba(132,0,0,0.87)\u00bb background_color_gradient_end=\u00bbrgba(132,0,0,0.49)\u00bb background_color_gradient_overlays_image=\u00bbon\u00bb background_image=\u00bbhttp:\/\/camaradealava.eus\/amhub\/wp-content\/uploads\/2021\/06\/financial-advisor-08.jpg\u00bb custom_padding=\u00bb100px||100px||true|false\u00bb hover_enabled=\u00bb0&#8243; locked=\u00bboff\u00bb background_color_gradient_direction=\u00bb156deg\u00bb sticky_enabled=\u00bb0&#8243;][et_pb_row _builder_version=\u00bb4.9.4&#8243; width=\u00bb100%\u00bb][et_pb_column type=\u00bb4_4&#8243; _builder_version=\u00bb4.4.3&#8243;][et_pb_text _builder_version=\u00bb4.9.4&#8243; _dynamic_attributes=\u00bbcontent\u00bb text_font=\u00bbTtulos||||||||\u00bb text_font_size=\u00bb80px\u00bb header_font=\u00bb|900|||||||\u00bb header_font_size=\u00bb100px\u00bb background_layout=\u00bbdark\u00bb max_width=\u00bb100%\u00bb custom_margin=\u00bb||||false|false\u00bb header_font_size_tablet=\u00bb70px\u00bb header_font_size_phone=\u00bb60px\u00bb header_font_size_last_edited=\u00bbon|phone\u00bb]@ET-DC@eyJkeW5hbWljIjp0cnVlLCJjb250ZW50IjoicG9zdF90aXRsZSIsInNldHRpbmdzIjp7ImJlZm9yZSI6IiIsImFmdGVyIjoiIn19@[\/et_pb_text][\/et_pb_column][\/et_pb_row][\/et_pb_section][et_pb_section fb_built=\u00bb1&#8243; admin_label=\u00bbContact Info\u00bb _builder_version=\u00bb4.4.3&#8243;][et_pb_row make_equal=\u00bbon\u00bb _builder_version=\u00bb4.9.4&#8243; width=\u00bb100%\u00bb][et_pb_column type=\u00bb4_4&#8243; _builder_version=\u00bb4.4.3&#8243;][et_pb_text _builder_version=\u00bb4.9.4&#8243; _module_preset=\u00bbdefault\u00bb text_font_size=\u00bb16px\u00bb header_3_font=\u00bbTtulos||||||||\u00bb header_3_font_size=\u00bb29px\u00bb header_3_letter_spacing=\u00bb1px\u00bb header_3_line_height=\u00bb1.4em\u00bb]<\/p>\n<div class=\"et_pb_module et_pb_text et_pb_text_2  et_pb_text_align_left et_pb_bg_layout_light\">\n<div class=\"et_pb_text_inner\">\n<p><span>Una\u00a0<\/span><em>cookie<\/em><span>\u00a0es un peque\u00f1o fichero de texto que se almacena en su navegador cuando visita casi cualquier p\u00e1gina web. Su utilidad es que la web sea capaz de recordar su visita cuando vuelva a navegar por esa p\u00e1gina. Las\u00a0<\/span><em>cookies<\/em><span>\u00a0suelen almacenar informaci\u00f3n de car\u00e1cter t\u00e9cnico, preferencias personales, personalizaci\u00f3n de contenidos, estad\u00edsticas de uso, enlaces a redes sociales, acceso a cuentas de usuario, etc. El objetivo de la\u00a0<\/span><em>cookie<\/em><span>\u00a0es adaptar el contenido de la web a su perfil y necesidades, sin\u00a0<\/span><em>cookies<\/em><span>\u00a0los servicios ofrecidos por cualquier p\u00e1gina se ver\u00edan mermados notablemente.<\/span><\/p>\n<\/div>\n<\/div>\n<div class=\"et_pb_module et_pb_text et_pb_text_3  et_pb_text_align_left et_pb_bg_layout_light\">\n<div class=\"et_pb_text_inner\">\n<div class=\"gdlr-core-pbf-element\">\n<div class=\"gdlr-core-title-item gdlr-core-item-pdb clearfix  gdlr-core-left-align gdlr-core-title-item-caption-bottom gdlr-core-item-pdlr\">\n<div class=\"gdlr-core-title-item-title-wrap \">\n<div class=\"gdlr-core-pbf-element\">\n<div class=\"gdlr-core-title-item gdlr-core-item-pdb clearfix  gdlr-core-left-align gdlr-core-title-item-caption-bottom gdlr-core-item-pdlr\">\n<div class=\"gdlr-core-title-item-title-wrap \">\n<div class=\"gdlr-core-pbf-element\">\n<div class=\"gdlr-core-title-item gdlr-core-item-pdb clearfix  gdlr-core-left-align gdlr-core-title-item-caption-bottom gdlr-core-item-pdlr\">\n<div class=\"gdlr-core-title-item-title-wrap \">\n<h3 class=\"gdlr-core-title-item-title gdlr-core-skin-title \"><strong>Cookies utilizadas en este sitio web<\/strong><span class=\"gdlr-core-title-item-title-divider gdlr-core-skin-divider\"><\/span><\/h3>\n<\/div>\n<\/div>\n<\/div>\n<div class=\"gdlr-core-pbf-element\">\n<div class=\"gdlr-core-text-box-item gdlr-core-item-pdlr gdlr-core-item-pdb gdlr-core-left-align\">\n<div class=\"gdlr-core-text-box-item-content\">\n<p>Siguiendo las directrices de la Agencia Espa\u00f1ola de Protecci\u00f3n de Datos procedemos a detallar el uso de\u00a0<em>cookies<\/em>\u00a0que hace esta web con el fin de informarle con la m\u00e1xima exactitud posible.<\/p>\n<p>Este sitio web utiliza las siguientes\u00a0<strong>cookies propias<\/strong>:<\/p>\n<ul>\n<li>Cookies de sesi\u00f3n, para garantizar que los usuarios que escriban comentarios en el blog sean humanos y no aplicaciones automatizadas. De esta forma se combate el\u00a0<em>spam<\/em>.<\/li>\n<\/ul>\n<p>Este sitio web utiliza las siguientes\u00a0<strong>cookies de terceros<\/strong>:<\/p>\n<ul>\n<li>Google Analytics: Almacena\u00a0<em>cookies<\/em>\u00a0para poder elaborar estad\u00edsticas sobre el tr\u00e1fico y volumen de visitas de esta web. Al utilizar este sitio web est\u00e1 consintiendo el tratamiento de informaci\u00f3n acerca de usted por Google. Por tanto, el ejercicio de cualquier derecho en este sentido deber\u00e1 hacerlo comunicando directamente con Google.<\/li>\n<li>Redes sociales: Cada red social utiliza sus propias\u00a0<em>cookies<\/em>\u00a0para que usted pueda pinchar en botones del tipo\u00a0<em>Me gusta<\/em>\u00a0o\u00a0<em>Compartir<\/em>.<\/li>\n<\/ul>\n<\/div>\n<\/div>\n<\/div>\n<\/div>\n<\/div>\n<\/div>\n<\/div>\n<\/div>\n<\/div>\n<div class=\"gdlr-core-pbf-element\">\n<div class=\"gdlr-core-text-box-item gdlr-core-item-pdlr gdlr-core-item-pdb gdlr-core-left-align\"><\/div>\n<\/div>\n<\/div>\n<\/div>\n<div class=\"et_pb_module et_pb_text et_pb_text_4  et_pb_text_align_left et_pb_bg_layout_light\">\n<div class=\"et_pb_text_inner\">\n<div class=\"gdlr-core-pbf-element\">\n<div class=\"gdlr-core-title-item gdlr-core-item-pdb clearfix  gdlr-core-left-align gdlr-core-title-item-caption-bottom gdlr-core-item-pdlr\">\n<div class=\"gdlr-core-title-item-title-wrap \">\n<div class=\"gdlr-core-pbf-element\">\n<div class=\"gdlr-core-title-item gdlr-core-item-pdb clearfix  gdlr-core-left-align gdlr-core-title-item-caption-bottom gdlr-core-item-pdlr\">\n<div class=\"gdlr-core-title-item-title-wrap \">\n<div class=\"gdlr-core-pbf-element\">\n<div class=\"gdlr-core-title-item gdlr-core-item-pdb clearfix  gdlr-core-left-align gdlr-core-title-item-caption-bottom gdlr-core-item-pdlr\">\n<div class=\"gdlr-core-title-item-title-wrap \">\n<h3 class=\"gdlr-core-title-item-title gdlr-core-skin-title \"><strong>Desactivaci\u00f3n o eliminaci\u00f3n de cookies<\/strong><span class=\"gdlr-core-title-item-title-divider gdlr-core-skin-divider\"><\/span><\/h3>\n<\/div>\n<\/div>\n<\/div>\n<div class=\"gdlr-core-pbf-element\">\n<div class=\"gdlr-core-text-box-item gdlr-core-item-pdlr gdlr-core-item-pdb gdlr-core-left-align\">\n<div class=\"gdlr-core-text-box-item-content\">\n<p>En cualquier momento podr\u00e1 ejercer su derecho de desactivaci\u00f3n o eliminaci\u00f3n de cookies de este sitio web. Estas acciones se realizan de forma diferente en funci\u00f3n del navegador que est\u00e9 usando. Utiliza sus propias\u00a0<em>cookies<\/em>\u00a0para que usted pueda pinchar en botones del tipo\u00a0<em>Me gusta<\/em>\u00a0o\u00a0<em>Compartir<\/em>.<\/p>\n<\/div>\n<\/div>\n<\/div>\n<\/div>\n<\/div>\n<\/div>\n<\/div>\n<\/div>\n<\/div>\n<\/div>\n<\/div>\n<div class=\"et_pb_module et_pb_text et_pb_text_5  et_pb_text_align_left et_pb_bg_layout_light\">\n<div class=\"et_pb_text_inner\">\n<div class=\"gdlr-core-pbf-element\">\n<div class=\"gdlr-core-title-item gdlr-core-item-pdb clearfix  gdlr-core-left-align gdlr-core-title-item-caption-bottom gdlr-core-item-pdlr\">\n<div class=\"gdlr-core-title-item-title-wrap \">\n<div class=\"gdlr-core-pbf-element\">\n<div class=\"gdlr-core-title-item gdlr-core-item-pdb clearfix  gdlr-core-left-align gdlr-core-title-item-caption-bottom gdlr-core-item-pdlr\">\n<div class=\"gdlr-core-title-item-title-wrap \">\n<div class=\"gdlr-core-pbf-element\">\n<div class=\"gdlr-core-title-item gdlr-core-item-pdb clearfix  gdlr-core-left-align gdlr-core-title-item-caption-bottom gdlr-core-item-pdlr\">\n<div class=\"gdlr-core-title-item-title-wrap \">\n<div class=\"gdlr-core-pbf-element\">\n<div class=\"gdlr-core-title-item gdlr-core-item-pdb clearfix  gdlr-core-left-align gdlr-core-title-item-caption-bottom gdlr-core-item-pdlr\">\n<div class=\"gdlr-core-title-item-title-wrap \">\n<h3 class=\"gdlr-core-title-item-title gdlr-core-skin-title \"><strong>Notas adicionales<\/strong><span class=\"gdlr-core-title-item-title-divider gdlr-core-skin-divider\"><\/span><\/h3>\n<\/div>\n<\/div>\n<\/div>\n<div class=\"gdlr-core-pbf-element\">\n<div class=\"gdlr-core-text-box-item gdlr-core-item-pdlr gdlr-core-item-pdb gdlr-core-left-align\">\n<div class=\"gdlr-core-text-box-item-content\">\n<p>Ni esta web ni sus representantes legales se hacen responsables ni del contenido ni de la veracidad de las pol\u00edticas de privacidad que puedan tener los terceros mencionados en esta pol\u00edtica de\u00a0<em>cookies<\/em>.<\/p>\n<p>Los navegadores web son las herramientas encargadas de almacenar las\u00a0<em>cookies<\/em>\u00a0y desde este lugar debe efectuar su derecho a eliminaci\u00f3n o desactivaci\u00f3n de las mismas. Ni esta web ni sus representantes legales pueden garantizar la correcta o incorrecta manipulaci\u00f3n de las\u00a0<em>cookies<\/em>\u00a0por parte de los mencionados navegadores.<\/p>\n<p>En algunos casos es necesario instalar\u00a0<em>cookies<\/em>\u00a0para que el navegador no olvide su decisi\u00f3n de no aceptaci\u00f3n de las mismas.<\/p>\n<p>En el caso de las\u00a0<em>cookies<\/em>\u00a0de Google Analytics, esta empresa almacena las\u00a0<em>cookies<\/em>\u00a0en servidores ubicados en Estados Unidos y se compromete a no compartirla con terceros, excepto en los casos en los que sea necesario para el funcionamiento del sistema o cuando la ley obligue a tal efecto. Seg\u00fan Google no guarda su direcci\u00f3n IP. Google Inc. es una compa\u00f1\u00eda adherida al Acuerdo de Puerto Seguro que garantiza que todos los datos transferidos ser\u00e1n tratados con un nivel de protecci\u00f3n acorde a la normativa europea. Puede consultar informaci\u00f3n detallada a este respecto\u00a0en este enlace. Si desea informaci\u00f3n sobre el uso que Google da a las cookies\u00a0<a href=\"https:\/\/developers.google.com\/analytics\/devguides\/collection\/analyticsjs\/cookie-usage?hl=es&amp;csw=1\" target=\"_blank\" rel=\"noopener noreferrer\">le adjuntamos este otro enlace<\/a>.<\/p>\n<p>Para cualquier duda o consulta acerca de esta pol\u00edtica de\u00a0<em>cookies<\/em>\u00a0no dude en comunicarse con nosotros a trav\u00e9s de la secci\u00f3n de contacto.<\/p>\n<\/div>\n<\/div>\n<\/div>\n<\/div>\n<\/div>\n<\/div>\n<\/div>\n<\/div>\n<\/div>\n<\/div>\n<\/div>\n<\/div>\n<\/div>\n<\/div>\n<p>[\/et_pb_text][\/et_pb_column][\/et_pb_row][\/et_pb_section]<\/p>\n","protected":false},"excerpt":{"rendered":"<p>[et_pb_section fb_built=\u00bb1&#8243; admin_label=\u00bbHeader\u00bb _builder_version=\u00bb4.9.7&#8243; use_background_color_gradient=\u00bbon\u00bb background_color_gradient_start=\u00bbrgba(132,0,0,0.87)\u00bb background_color_gradient_end=\u00bbrgba(132,0,0,0.49)\u00bb background_color_gradient_overlays_image=\u00bbon\u00bb background_image=\u00bbhttp:\/\/camaradealava.eus\/amhub\/wp-content\/uploads\/2021\/06\/financial-advisor-08.jpg\u00bb custom_padding=\u00bb100px||100px||true|false\u00bb hover_enabled=\u00bb0&#8243; locked=\u00bboff\u00bb background_color_gradient_direction=\u00bb156deg\u00bb sticky_enabled=\u00bb0&#8243;][et_pb_row _builder_version=\u00bb4.9.4&#8243; width=\u00bb100%\u00bb][et_pb_column type=\u00bb4_4&#8243; _builder_version=\u00bb4.4.3&#8243;][et_pb_text _builder_version=\u00bb4.9.4&#8243; _dynamic_attributes=\u00bbcontent\u00bb text_font=\u00bbTtulos||||||||\u00bb text_font_size=\u00bb80px\u00bb header_font=\u00bb|900|||||||\u00bb header_font_size=\u00bb100px\u00bb background_layout=\u00bbdark\u00bb max_width=\u00bb100%\u00bb custom_margin=\u00bb||||false|false\u00bb header_font_size_tablet=\u00bb70px\u00bb header_font_size_phone=\u00bb60px\u00bb header_font_size_last_edited=\u00bbon|phone\u00bb]@ET-DC@eyJkeW5hbWljIjp0cnVlLCJjb250ZW50IjoicG9zdF90aXRsZSIsInNldHRpbmdzIjp7ImJlZm9yZSI6IiIsImFmdGVyIjoiIn19@[\/et_pb_text][\/et_pb_column][\/et_pb_row][\/et_pb_section][et_pb_section fb_built=\u00bb1&#8243; admin_label=\u00bbContact Info\u00bb _builder_version=\u00bb4.4.3&#8243;][et_pb_row make_equal=\u00bbon\u00bb _builder_version=\u00bb4.9.4&#8243; width=\u00bb100%\u00bb][et_pb_column type=\u00bb4_4&#8243; _builder_version=\u00bb4.4.3&#8243;][et_pb_text _builder_version=\u00bb4.9.4&#8243; _module_preset=\u00bbdefault\u00bb text_font_size=\u00bb16px\u00bb header_3_font=\u00bbTtulos||||||||\u00bb header_3_font_size=\u00bb29px\u00bb header_3_letter_spacing=\u00bb1px\u00bb header_3_line_height=\u00bb1.4em\u00bb] Una\u00a0cookie\u00a0es un peque\u00f1o fichero de texto que se almacena [&hellip;]<\/p>\n","protected":false},"author":2,"featured_media":0,"parent":0,"menu_order":0,"comment_status":"closed","ping_status":"closed","template":"","meta":{"_et_pb_use_builder":"on","_et_pb_old_content":"","_et_gb_content_width":"","footnotes":""},"class_list":["post-126","page","type-page","status-publish","hentry"],"_links":{"self":[{"href":"http:\/\/camaradealava.eus\/amhub\/wp-json\/wp\/v2\/pages\/126","targetHints":{"allow":["GET"]}}],"collection":[{"href":"http:\/\/camaradealava.eus\/amhub\/wp-json\/wp\/v2\/pages"}],"about":[{"href":"http:\/\/camaradealava.eus\/amhub\/wp-json\/wp\/v2\/types\/page"}],"author":[{"embeddable":true,"href":"http:\/\/camaradealava.eus\/amhub\/wp-json\/wp\/v2\/users\/2"}],"replies":[{"embeddable":true,"href":"http:\/\/camaradealava.eus\/amhub\/wp-json\/wp\/v2\/comments?post=126"}],"version-history":[{"count":3,"href":"http:\/\/camaradealava.eus\/amhub\/wp-json\/wp\/v2\/pages\/126\/revisions"}],"predecessor-version":[{"id":171,"href":"http:\/\/camaradealava.eus\/amhub\/wp-json\/wp\/v2\/pages\/126\/revisions\/171"}],"wp:attachment":[{"href":"http:\/\/camaradealava.eus\/amhub\/wp-json\/wp\/v2\/media?parent=126"}],"curies":[{"name":"wp","href":"https:\/\/api.w.org\/{rel}","templated":true}]}}