{"id":3,"date":"2021-03-30T07:23:05","date_gmt":"2021-03-30T07:23:05","guid":{"rendered":"http:\/\/camaradealava.eus\/amhub\/?page_id=3"},"modified":"2021-06-22T12:20:03","modified_gmt":"2021-06-22T12:20:03","slug":"politica-privacidad","status":"publish","type":"page","link":"http:\/\/camaradealava.eus\/amhub\/politica-privacidad\/","title":{"rendered":"Pol\u00edtica de privacidad"},"content":{"rendered":"<p>[et_pb_section fb_built=\u00bb1&#8243; admin_label=\u00bbHeader\u00bb _builder_version=\u00bb4.9.7&#8243; use_background_color_gradient=\u00bbon\u00bb background_color_gradient_start=\u00bbrgba(132,0,0,0.89)\u00bb background_color_gradient_end=\u00bbrgba(132,0,0,0.63)\u00bb background_color_gradient_overlays_image=\u00bbon\u00bb background_image=\u00bbhttp:\/\/camaradealava.eus\/amhub\/wp-content\/uploads\/2021\/06\/financial-advisor-08.jpg\u00bb custom_padding=\u00bb100px||100px||true|false\u00bb hover_enabled=\u00bb0&#8243; locked=\u00bboff\u00bb background_color_gradient_direction=\u00bb116deg\u00bb sticky_enabled=\u00bb0&#8243;][et_pb_row _builder_version=\u00bb4.9.4&#8243; width=\u00bb100%\u00bb][et_pb_column type=\u00bb4_4&#8243; _builder_version=\u00bb4.4.3&#8243;][et_pb_text _builder_version=\u00bb4.9.4&#8243; _dynamic_attributes=\u00bbcontent\u00bb text_font=\u00bbTtulos||||||||\u00bb text_font_size=\u00bb80px\u00bb header_font=\u00bb|900|||||||\u00bb header_font_size=\u00bb100px\u00bb background_layout=\u00bbdark\u00bb max_width=\u00bb100%\u00bb custom_margin=\u00bb||||false|false\u00bb header_font_size_tablet=\u00bb70px\u00bb header_font_size_phone=\u00bb60px\u00bb header_font_size_last_edited=\u00bbon|phone\u00bb]@ET-DC@eyJkeW5hbWljIjp0cnVlLCJjb250ZW50IjoicG9zdF90aXRsZSIsInNldHRpbmdzIjp7ImJlZm9yZSI6IiIsImFmdGVyIjoiIn19@[\/et_pb_text][\/et_pb_column][\/et_pb_row][\/et_pb_section][et_pb_section fb_built=\u00bb1&#8243; admin_label=\u00bbContact Info\u00bb _builder_version=\u00bb4.4.3&#8243;][et_pb_row make_equal=\u00bbon\u00bb _builder_version=\u00bb4.9.4&#8243; width=\u00bb100%\u00bb][et_pb_column type=\u00bb4_4&#8243; _builder_version=\u00bb4.4.3&#8243;][et_pb_text _builder_version=\u00bb4.9.4&#8243; _module_preset=\u00bbdefault\u00bb text_font_size=\u00bb16px\u00bb header_3_font=\u00bbTtulos||||||||\u00bb header_3_font_size=\u00bb29px\u00bb header_3_letter_spacing=\u00bb1px\u00bb header_3_line_height=\u00bb1.4em\u00bb]<\/p>\n<p>En la C\u00e1mara de Comercio nos preocupa la seguridad y la protecci\u00f3n de los datos que tratamos. Por ello, queremos informarle de cu\u00e1les son los motivos por los que recogemos sus datos personales, qu\u00e9 hacemos con ellos, cu\u00e1les son sus derechos y de qu\u00e9 forma puede ejercerlos, cumpliendo con la Ley Org\u00e1nica 15\/1999 de 13 de diciembre, de Protecci\u00f3n de Datos de Car\u00e1cter Personal, y el Reglamento General de Protecci\u00f3n de Datos de la Uni\u00f3n Europea.<\/p>\n<h3><strong><\/strong><\/h3>\n<h3><strong>\u00bfQui\u00e9n es el responsable del tratamiento de sus datos?<\/strong><\/h3>\n<p>El responsable del correcto tratamiento sus datos es la C\u00e1mara de Comercio, Industria y Servicios de \u00c1lava, de aqu\u00ed en adelante La C\u00e1mara. Puede consultar sobre este tratamiento a trav\u00e9s de los siguientes datos:<\/p>\n<ul>\n<li>Denominaci\u00f3n social: C\u00e1mara de Comercio, Industria y Servicios de \u00c1lava<\/li>\n<li>Domicilio social: Calle Dato n\u00ba 38, Vitoria-Gasteiz (\u00c1lava), Espa\u00f1a<\/li>\n<li>CIF: Q0173001I<\/li>\n<li>Tel\u00e9fono de contacto:+34 945 141 800<\/li>\n<li>Correo Electr\u00f3nico: contacta@camaradealava.com<\/li>\n<li>P\u00e1gina web:<span>\u00a0<\/span><a href=\"http:\/\/www.camaradealava.com\/\">www.camaradealava.com<\/a><\/li>\n<\/ul>\n<h3><strong><\/strong><\/h3>\n<h3><strong>\u00bfPara qu\u00e9 usamos los datos?<\/strong><\/h3>\n<p>En La C\u00e1mara recogemos y tratamos la informaci\u00f3n que nos facilitan las personas interesadas con el fin de responder a las cuestiones que nos plantea a trav\u00e9s de nuestros formularios<br \/><strong><\/strong><\/p>\n<h3><strong><\/strong><\/h3>\n<h3><strong>\u00bfPor cu\u00e1nto tiempo conservaremos sus datos?<\/strong><\/h3>\n<p>La C\u00e1mara conservar\u00e1 sus datos personales mientras mantengamos una relaci\u00f3n contractual, exista un requisito legal que lo obligue o no se solicite su supresi\u00f3n. Hay datos que por su naturaleza, debemos conservar a pesar de que nos retire su consentimiento por la existencia de una obligaci\u00f3n legal.<br \/>\u00bfCu\u00e1l es la legitimaci\u00f3n para el tratamiento de sus datos?<\/p>\n<p>La utilizaci\u00f3n de los datos que nos has facilitado, es necesaria para la correcta gesti\u00f3n de las relaciones con los Clientes \/ Colaboradores y, adem\u00e1s, poder cumplir con las obligaciones legales. En cualquier momento puede manifestar su oposici\u00f3n al uso de sus datos y, por lo tanto, dejar sin efecto cualquier tipo de gesti\u00f3n con los mismos, quedando \u00fanicamente sus datos bloqueados durante el tiempo legalmente previsto. \u00danicamente comunicarle que el no consentimiento puede conllevar que los servicios sean imposibles de prestar.<\/p>\n<h3><strong><\/strong><\/h3>\n<h3><strong>\u00bfQu\u00e9 derechos tiene?<\/strong><\/h3>\n<p>Como titular de derechos, tiene el control de sus datos y, por lo tanto, en cualquier momento puede ejercitar sus derechos, envi\u00e1ndonos un correo a contacta@camaradealava.com.<\/p>\n<p>Los derechos que puede ejercitar son:<\/p>\n<ul>\n<li>Derecho a solicitar el acceso a los datos personales relativos al interesado.<\/li>\n<li>Derecho a solicitar su rectificaci\u00f3n o supresi\u00f3n.<\/li>\n<li>Derecho a solicitar la limitaci\u00f3n de su tratamiento.<\/li>\n<li>Derecho a oponerse al tratamiento.<\/li>\n<li>Derecho a la portabilidad de los datos.<\/li>\n<li>Se informa a los usuarios, que tiene derecho a revocar el consentimiento en cualquier momento, sin que ello afecte a la licitud del tratamiento basado en el consentimiento previo a su retirada.<\/li>\n<\/ul>\n<p>As\u00ed mismo se informa a los interesados de que pueden presentar una reclamaci\u00f3n ante la Autoridad de Control en materia de Protecci\u00f3n de Datos competente, especialmente cuando no haya obtenido satisfacci\u00f3n en el ejercicio de sus derechos.<\/p>\n<p>Todos sus derechos puede solicitarlos indicando su nombre y haci\u00e9ndonos llegar una fotocopia de su identificaci\u00f3n con la solicitud.<\/p>\n<p>M\u00e1s informaci\u00f3n sobre sus derechos en la Agencia de Protecci\u00f3n de Datos.<\/p>\n<p>[\/et_pb_text][\/et_pb_column][\/et_pb_row][\/et_pb_section]<\/p>\n","protected":false},"excerpt":{"rendered":"<p>[et_pb_section fb_built=\u00bb1&#8243; admin_label=\u00bbHeader\u00bb _builder_version=\u00bb4.9.7&#8243; use_background_color_gradient=\u00bbon\u00bb background_color_gradient_start=\u00bbrgba(132,0,0,0.89)\u00bb background_color_gradient_end=\u00bbrgba(132,0,0,0.63)\u00bb background_color_gradient_overlays_image=\u00bbon\u00bb background_image=\u00bbhttp:\/\/camaradealava.eus\/amhub\/wp-content\/uploads\/2021\/06\/financial-advisor-08.jpg\u00bb custom_padding=\u00bb100px||100px||true|false\u00bb hover_enabled=\u00bb0&#8243; locked=\u00bboff\u00bb background_color_gradient_direction=\u00bb116deg\u00bb sticky_enabled=\u00bb0&#8243;][et_pb_row _builder_version=\u00bb4.9.4&#8243; width=\u00bb100%\u00bb][et_pb_column type=\u00bb4_4&#8243; _builder_version=\u00bb4.4.3&#8243;][et_pb_text _builder_version=\u00bb4.9.4&#8243; _dynamic_attributes=\u00bbcontent\u00bb text_font=\u00bbTtulos||||||||\u00bb text_font_size=\u00bb80px\u00bb header_font=\u00bb|900|||||||\u00bb header_font_size=\u00bb100px\u00bb background_layout=\u00bbdark\u00bb max_width=\u00bb100%\u00bb custom_margin=\u00bb||||false|false\u00bb header_font_size_tablet=\u00bb70px\u00bb header_font_size_phone=\u00bb60px\u00bb header_font_size_last_edited=\u00bbon|phone\u00bb]@ET-DC@eyJkeW5hbWljIjp0cnVlLCJjb250ZW50IjoicG9zdF90aXRsZSIsInNldHRpbmdzIjp7ImJlZm9yZSI6IiIsImFmdGVyIjoiIn19@[\/et_pb_text][\/et_pb_column][\/et_pb_row][\/et_pb_section][et_pb_section fb_built=\u00bb1&#8243; admin_label=\u00bbContact Info\u00bb _builder_version=\u00bb4.4.3&#8243;][et_pb_row make_equal=\u00bbon\u00bb _builder_version=\u00bb4.9.4&#8243; width=\u00bb100%\u00bb][et_pb_column type=\u00bb4_4&#8243; _builder_version=\u00bb4.4.3&#8243;][et_pb_text _builder_version=\u00bb4.9.4&#8243; _module_preset=\u00bbdefault\u00bb text_font_size=\u00bb16px\u00bb header_3_font=\u00bbTtulos||||||||\u00bb header_3_font_size=\u00bb29px\u00bb header_3_letter_spacing=\u00bb1px\u00bb header_3_line_height=\u00bb1.4em\u00bb] En la C\u00e1mara de Comercio nos preocupa la seguridad [&hellip;]<\/p>\n","protected":false},"author":2,"featured_media":0,"parent":0,"menu_order":0,"comment_status":"closed","ping_status":"open","template":"","meta":{"_et_pb_use_builder":"on","_et_pb_old_content":"<!-- wp:heading -->\n<h2>Qui\u00e9nes somos<\/h2>\n<!-- \/wp:heading -->\n\n<!-- wp:paragraph -->\n<p><strong class=\"privacy-policy-tutorial\">Texto sugerido: <\/strong>La direcci\u00f3n de nuestra web es: http:\/\/camaradealava.eus\/amhub.<\/p>\n<!-- \/wp:paragraph -->\n\n<!-- wp:heading -->\n<h2>Comentarios<\/h2>\n<!-- \/wp:heading -->\n\n<!-- wp:paragraph -->\n<p><strong class=\"privacy-policy-tutorial\">Texto sugerido: <\/strong>Cuando los visitantes dejan comentarios en la web, recopilamos los datos que se muestran en el formulario de comentarios, as\u00ed como la direcci\u00f3n IP del visitante y la cadena de agentes de usuario del navegador para ayudar a la detecci\u00f3n de spam.<\/p>\n<!-- \/wp:paragraph -->\n\n<!-- wp:paragraph -->\n<p>Una cadena an\u00f3nima creada a partir de tu direcci\u00f3n de correo electr\u00f3nico (tambi\u00e9n llamada hash) puede ser proporcionada al servicio de Gravatar para ver si la est\u00e1s usando. La pol\u00edtica de privacidad del servicio Gravatar est\u00e1 disponible aqu\u00ed: https:\/\/automattic.com\/privacy\/. Despu\u00e9s de la aprobaci\u00f3n de tu comentario, la imagen de tu perfil es visible para el p\u00fablico en el contexto de tu comentario.<\/p>\n<!-- \/wp:paragraph -->\n\n<!-- wp:heading -->\n<h2>Medios<\/h2>\n<!-- \/wp:heading -->\n\n<!-- wp:paragraph -->\n<p><strong class=\"privacy-policy-tutorial\">Texto sugerido: <\/strong>Si subes im\u00e1genes a la web, deber\u00edas evitar subir im\u00e1genes con datos de ubicaci\u00f3n (GPS EXIF) incluidos. Los visitantes de la web pueden descargar y extraer cualquier dato de ubicaci\u00f3n de las im\u00e1genes de la web.<\/p>\n<!-- \/wp:paragraph -->\n\n<!-- wp:heading -->\n<h2>Cookies<\/h2>\n<!-- \/wp:heading -->\n\n<!-- wp:paragraph -->\n<p><strong class=\"privacy-policy-tutorial\">Texto sugerido: <\/strong>Si dejas un comentario en nuestro sitio puedes elegir guardar tu nombre, direcci\u00f3n de correo electr\u00f3nico y web en cookies. Esto es para tu comodidad, para que no tengas que volver a rellenar tus datos cuando dejes otro comentario. Estas cookies tendr\u00e1n una duraci\u00f3n de un a\u00f1o.<\/p>\n<!-- \/wp:paragraph -->\n\n<!-- wp:paragraph -->\n<p>Si tienes una cuenta y te conectas a este sitio, instalaremos una cookie temporal para determinar si tu navegador acepta cookies. Esta cookie no contiene datos personales y se elimina al cerrar el navegador.<\/p>\n<!-- \/wp:paragraph -->\n\n<!-- wp:paragraph -->\n<p>Cuando accedas, tambi\u00e9n instalaremos varias cookies para guardar tu informaci\u00f3n de acceso y tus opciones de visualizaci\u00f3n de pantalla. Las cookies de acceso duran dos d\u00edas, y las cookies de opciones de pantalla duran un a\u00f1o. Si seleccionas \u00abRecu\u00e9rdarme\u00bb, tu acceso perdurar\u00e1 durante dos semanas. Si sales de tu cuenta, las cookies de acceso se eliminar\u00e1n.<\/p>\n<!-- \/wp:paragraph -->\n\n<!-- wp:paragraph -->\n<p>Si editas o publicas un art\u00edculo se guardar\u00e1 una cookie adicional en tu navegador. Esta cookie no incluye datos personales y simplemente indica el ID del art\u00edculo que acabas de editar. Caduca despu\u00e9s de 1 d\u00eda.<\/p>\n<!-- \/wp:paragraph -->\n\n<!-- wp:heading -->\n<h2>Contenido incrustado de otros sitios web<\/h2>\n<!-- \/wp:heading -->\n\n<!-- wp:paragraph -->\n<p><strong class=\"privacy-policy-tutorial\">Texto sugerido: <\/strong>Los art\u00edculos de este sitio pueden incluir contenido incrustado (por ejemplo, v\u00eddeos, im\u00e1genes, art\u00edculos, etc.). El contenido incrustado de otras webs se comporta exactamente de la misma manera que si el visitante hubiera visitado la otra web.<\/p>\n<!-- \/wp:paragraph -->\n\n<!-- wp:paragraph -->\n<p>Estas web pueden recopilar datos sobre ti, utilizar cookies, incrustar un seguimiento adicional de terceros, y supervisar tu interacci\u00f3n con ese contenido incrustado, incluido el seguimiento de tu interacci\u00f3n con el contenido incrustado si tienes una cuenta y est\u00e1s conectado a esa web.<\/p>\n<!-- \/wp:paragraph -->\n\n<!-- wp:heading -->\n<h2>Con qui\u00e9n compartimos tus datos<\/h2>\n<!-- \/wp:heading -->\n\n<!-- wp:paragraph -->\n<p><strong class=\"privacy-policy-tutorial\">Texto sugerido: <\/strong>Si solicitas un restablecimiento de contrase\u00f1a, tu direcci\u00f3n IP ser\u00e1 incluida en el correo electr\u00f3nico de restablecimiento.<\/p>\n<!-- \/wp:paragraph -->\n\n<!-- wp:heading -->\n<h2>Cu\u00e1nto tiempo conservamos tus datos<\/h2>\n<!-- \/wp:heading -->\n\n<!-- wp:paragraph -->\n<p><strong class=\"privacy-policy-tutorial\">Texto sugerido: <\/strong>Si dejas un comentario, el comentario y sus metadatos se conservan indefinidamente. Esto es para que podamos reconocer y aprobar comentarios sucesivos autom\u00e1ticamente, en lugar de mantenerlos en una cola de moderaci\u00f3n.<\/p>\n<!-- \/wp:paragraph -->\n\n<!-- wp:paragraph -->\n<p>De los usuarios que se registran en nuestra web (si los hay), tambi\u00e9n almacenamos la informaci\u00f3n personal que proporcionan en su perfil de usuario. Todos los usuarios pueden ver, editar o eliminar su informaci\u00f3n personal en cualquier momento (excepto que no pueden cambiar su nombre de usuario). Los administradores de la web tambi\u00e9n pueden ver y editar esa informaci\u00f3n.<\/p>\n<!-- \/wp:paragraph -->\n\n<!-- wp:heading -->\n<h2>Qu\u00e9 derechos tienes sobre tus datos<\/h2>\n<!-- \/wp:heading -->\n\n<!-- wp:paragraph -->\n<p><strong class=\"privacy-policy-tutorial\">Texto sugerido: <\/strong>Si tienes una cuenta o has dejado comentarios en esta web, puedes solicitar recibir un archivo de exportaci\u00f3n de los datos personales que tenemos sobre ti, incluyendo cualquier dato que nos hayas proporcionado. Tambi\u00e9n puedes solicitar que eliminemos cualquier dato personal que tengamos sobre ti. Esto no incluye ning\u00fan dato que estemos obligados a conservar con fines administrativos, legales o de seguridad.<\/p>\n<!-- \/wp:paragraph -->\n\n<!-- wp:heading -->\n<h2>D\u00f3nde enviamos tus datos<\/h2>\n<!-- \/wp:heading -->\n\n<!-- wp:paragraph -->\n<p><strong class=\"privacy-policy-tutorial\">Texto sugerido: <\/strong>Los comentarios de los visitantes puede que los revise un servicio de detecci\u00f3n autom\u00e1tica de spam.<\/p>\n<!-- \/wp:paragraph -->","_et_gb_content_width":"","footnotes":""},"class_list":["post-3","page","type-page","status-publish","hentry"],"_links":{"self":[{"href":"http:\/\/camaradealava.eus\/amhub\/wp-json\/wp\/v2\/pages\/3","targetHints":{"allow":["GET"]}}],"collection":[{"href":"http:\/\/camaradealava.eus\/amhub\/wp-json\/wp\/v2\/pages"}],"about":[{"href":"http:\/\/camaradealava.eus\/amhub\/wp-json\/wp\/v2\/types\/page"}],"author":[{"embeddable":true,"href":"http:\/\/camaradealava.eus\/amhub\/wp-json\/wp\/v2\/users\/2"}],"replies":[{"embeddable":true,"href":"http:\/\/camaradealava.eus\/amhub\/wp-json\/wp\/v2\/comments?post=3"}],"version-history":[{"count":3,"href":"http:\/\/camaradealava.eus\/amhub\/wp-json\/wp\/v2\/pages\/3\/revisions"}],"predecessor-version":[{"id":174,"href":"http:\/\/camaradealava.eus\/amhub\/wp-json\/wp\/v2\/pages\/3\/revisions\/174"}],"wp:attachment":[{"href":"http:\/\/camaradealava.eus\/amhub\/wp-json\/wp\/v2\/media?parent=3"}],"curies":[{"name":"wp","href":"https:\/\/api.w.org\/{rel}","templated":true}]}}